{"id":35,"date":"2023-06-20T00:30:56","date_gmt":"2023-06-20T00:30:56","guid":{"rendered":"https:\/\/www.vectorhaus.com.pe\/?page_id=35"},"modified":"2025-05-05T21:33:35","modified_gmt":"2025-05-05T21:33:35","slug":"nosotros","status":"publish","type":"page","link":"https:\/\/www.vectorhaus.com.pe\/?page_id=35","title":{"rendered":"Nosotros"},"content":{"rendered":"\t\t<div data-elementor-type=\"wp-page\" data-elementor-id=\"35\" class=\"elementor elementor-35\">\n\t\t\t\t<div class=\"elementor-element elementor-element-1f3da15 e-flex e-con-boxed e-con e-parent\" data-id=\"1f3da15\" data-element_type=\"container\" data-e-type=\"container\">\n\t\t\t\t\t<div class=\"e-con-inner\">\n\t\t\t\t<div class=\"elementor-element elementor-element-c674430 elementor-widget elementor-widget-heading\" data-id=\"c674430\" data-element_type=\"widget\" data-e-type=\"widget\" data-widget_type=\"heading.default\">\n\t\t\t\t<div class=\"elementor-widget-container\">\n\t\t\t\t\t<h2 class=\"elementor-heading-title elementor-size-default\">NOSOTROS<\/h2>\t\t\t\t<\/div>\n\t\t\t\t<\/div>\n\t\t\t\t\t<\/div>\n\t\t\t\t<\/div>\n\t\t<div class=\"elementor-element elementor-element-5a5c932 e-flex e-con-boxed e-con e-parent\" data-id=\"5a5c932\" data-element_type=\"container\" data-e-type=\"container\">\n\t\t\t\t\t<div class=\"e-con-inner\">\n\t\t\t\t<div class=\"elementor-element elementor-element-d021084 elementor-widget elementor-widget-text-editor\" data-id=\"d021084\" data-element_type=\"widget\" data-e-type=\"widget\" data-widget_type=\"text-editor.default\">\n\t\t\t\t<div class=\"elementor-widget-container\">\n\t\t\t\t\t\t\t\t\t<p class=\"MsoNormal\"><span lang=\"ES\" style=\"font-size: 14.0pt; line-height: 107%; mso-ansi-language: ES;\">Somos una empresa especializada en la generaci\u00f3n de productos gr\u00e1ficos publicitarios, los cuales contribuyan con las organizaciones y compa\u00f1\u00edas a lograr una mayor notoriedad y comunicaci\u00f3n de sus productos o servicios hacia sus clientes.<\/span><\/p><p class=\"MsoNormal\"><span lang=\"ES\" style=\"font-size: 14.0pt; line-height: 107%; mso-ansi-language: ES;\">Nuestra misi\u00f3n es garantizar una diferenciaci\u00f3n en la publicidad de su empresa o negocio, el cual propicie, a su vez, una mejor recordaci\u00f3n y posicionamiento de su marca.<\/span><\/p><p class=\"MsoNormal\"><span lang=\"ES\" style=\"font-size: 14.0pt; line-height: 107%; mso-ansi-language: ES;\">Contamos con m\u00e1s de una d\u00e9cada experiencia y con un equipo profesional con amplia experiencia en diversas empresas del mismo rubro a nivel nacional. Somos \u00e1giles y flexibles, y nos adaptamos a las necesidades y caracter\u00edsticas de su negocio. Nuestro prop\u00f3sito es no solo optimizar su inversi\u00f3n publicitaria, sino llevar su comunicaci\u00f3n a un nivel m\u00e1s profesional, claro y diferenciado.<\/span><\/p><p class=\"MsoNormal\"><span lang=\"ES\" style=\"font-size: 14.0pt; line-height: 107%; mso-ansi-language: ES;\">\u00a0<\/span><\/p><p class=\"MsoNormal\"><span lang=\"ES\" style=\"font-size: 14.0pt; line-height: 107%; mso-ansi-language: ES;\">SERVICIOS<\/span><\/p><p class=\"MsoNormal\"><span lang=\"ES\" style=\"font-size: 14.0pt; line-height: 107%; mso-ansi-language: ES;\">1.- Impresi\u00f3n de vinilos autoadhesivos blancos o transparentes para decoraci\u00f3n de cuartos, oficinas, espacios comerciales, entre otros.<\/span><\/p><p class=\"MsoNormal\"><span lang=\"ES\" style=\"font-size: 14.0pt; line-height: 107%; mso-ansi-language: ES;\">2.- Se\u00f1ales de seguridad para oficinas, industriales, reglamentarias, preventivas, informativas y mineras seg\u00fan NTP (Norma T\u00e9cnica Peruana). Realizamos en cualquier tipo de base y material que requiera seg\u00fan su requerimiento.<\/span><\/p><p class=\"MsoNormal\"><span lang=\"ES\" style=\"font-size: 14.0pt; line-height: 107%; mso-ansi-language: ES;\">3.- Impresi\u00f3n, corte e instalaci\u00f3n de l\u00e1minas pavonadas. Ideal para decorar y mantener la privacidad en oficinas, puestos de trabajo, spa u hoteles con mamparas de vidrio.<\/span><\/p><p class=\"MsoNormal\"><span lang=\"ES\" style=\"font-size: 14.0pt; line-height: 107%; mso-ansi-language: ES;\">4.- Letras volum\u00e9tricas en alto relieve en base MDF, para empresas que buscan resaltar sus logotipos de una forma diferente y elegante. <\/span><\/p><p class=\"MsoNormal\"><span lang=\"ES\" style=\"font-size: 14.0pt; line-height: 107%; mso-ansi-language: ES;\">5.- Impresi\u00f3n de banner o lona translucida. Promoci\u00f3n econ\u00f3mica para marcos de madera, pasacalles o banderolas peque\u00f1as.<\/span><\/p><p class=\"MsoNormal\"><span lang=\"ES\" style=\"font-size: 14.0pt; line-height: 107%; mso-ansi-language: ES;\">6.- Ploteo o rotulaci\u00f3n computarizada de vinilos convencionales. Ideal para vitrinas comerciales, exhibidores de vidrio, madera o metal. Remoci\u00f3n f\u00e1cil y limpia.<\/span><\/p><p class=\"MsoNormal\"><span lang=\"ES\" style=\"font-size: 14.0pt; line-height: 107%; mso-ansi-language: ES;\">7.- Brandeo de camionetas para publicidad m\u00f3vil.<\/span><\/p><p class=\"MsoNormal\"><span lang=\"ES\" style=\"font-size: 14.0pt; line-height: 107%; mso-ansi-language: ES;\">8.- Stickers para pisos de alto tr\u00e1fico. Material con caracter\u00edsticas antideslizantes y alta resistencia para espacios de mucha concurrencia. <\/span><\/p><p><span lang=\"ES\" style=\"font-size: 14.0pt; line-height: 107%; font-family: 'Calibri',sans-serif; mso-ascii-theme-font: minor-latin; mso-fareast-font-family: Calibri; mso-fareast-theme-font: minor-latin; mso-hansi-theme-font: minor-latin; mso-bidi-font-family: 'Times New Roman'; mso-bidi-theme-font: minor-bidi; mso-ansi-language: ES; mso-fareast-language: EN-US; mso-bidi-language: AR-SA;\">9.- Realizamos el servicio de instalaci\u00f3n de todos los servicios que brindamos.<\/span><\/p>\t\t\t\t\t\t\t\t<\/div>\n\t\t\t\t<\/div>\n\t\t\t\t\t<\/div>\n\t\t\t\t<\/div>\n\t\t\t\t<\/div>\n\t\t","protected":false},"excerpt":{"rendered":"<p>NOSOTROS Somos una empresa especializada en la generaci\u00f3n de productos gr\u00e1ficos publicitarios, los cuales contribuyan con las organizaciones y compa\u00f1\u00edas a lograr una mayor notoriedad y comunicaci\u00f3n de sus productos o servicios hacia sus clientes. Nuestra misi\u00f3n es garantizar una diferenciaci\u00f3n en la publicidad de su empresa o negocio, el cual propicie, a su vez, [&hellip;]<\/p>\n","protected":false},"author":1,"featured_media":0,"parent":0,"menu_order":0,"comment_status":"closed","ping_status":"closed","template":"","meta":{"site-sidebar-layout":"no-sidebar","site-content-layout":"page-builder","ast-site-content-layout":"default","site-content-style":"default","site-sidebar-style":"default","ast-global-header-display":"","ast-banner-title-visibility":"","ast-main-header-display":"","ast-hfb-above-header-display":"","ast-hfb-below-header-display":"","ast-hfb-mobile-header-display":"","site-post-title":"disabled","ast-breadcrumbs-content":"","ast-featured-img":"disabled","footer-sml-layout":"","ast-disable-related-posts":"","theme-transparent-header-meta":"","adv-header-id-meta":"","stick-header-meta":"","header-above-stick-meta":"","header-main-stick-meta":"","header-below-stick-meta":"","astra-migrate-meta-layouts":"default","ast-page-background-enabled":"default","ast-page-background-meta":{"desktop":{"background-color":"var(--ast-global-color-4)","background-image":"","background-repeat":"repeat","background-position":"center center","background-size":"auto","background-attachment":"scroll","background-type":"","background-media":"","overlay-type":"","overlay-color":"","overlay-opacity":"","overlay-gradient":""},"tablet":{"background-color":"","background-image":"","background-repeat":"repeat","background-position":"center center","background-size":"auto","background-attachment":"scroll","background-type":"","background-media":"","overlay-type":"","overlay-color":"","overlay-opacity":"","overlay-gradient":""},"mobile":{"background-color":"","background-image":"","background-repeat":"repeat","background-position":"center center","background-size":"auto","background-attachment":"scroll","background-type":"","background-media":"","overlay-type":"","overlay-color":"","overlay-opacity":"","overlay-gradient":""}},"ast-content-background-meta":{"desktop":{"background-color":"var(--ast-global-color-5)","background-image":"","background-repeat":"repeat","background-position":"center center","background-size":"auto","background-attachment":"scroll","background-type":"","background-media":"","overlay-type":"","overlay-color":"","overlay-opacity":"","overlay-gradient":""},"tablet":{"background-color":"var(--ast-global-color-5)","background-image":"","background-repeat":"repeat","background-position":"center center","background-size":"auto","background-attachment":"scroll","background-type":"","background-media":"","overlay-type":"","overlay-color":"","overlay-opacity":"","overlay-gradient":""},"mobile":{"background-color":"var(--ast-global-color-5)","background-image":"","background-repeat":"repeat","background-position":"center center","background-size":"auto","background-attachment":"scroll","background-type":"","background-media":"","overlay-type":"","overlay-color":"","overlay-opacity":"","overlay-gradient":""}},"footnotes":""},"class_list":["post-35","page","type-page","status-publish","hentry"],"_links":{"self":[{"href":"https:\/\/www.vectorhaus.com.pe\/index.php?rest_route=\/wp\/v2\/pages\/35","targetHints":{"allow":["GET"]}}],"collection":[{"href":"https:\/\/www.vectorhaus.com.pe\/index.php?rest_route=\/wp\/v2\/pages"}],"about":[{"href":"https:\/\/www.vectorhaus.com.pe\/index.php?rest_route=\/wp\/v2\/types\/page"}],"author":[{"embeddable":true,"href":"https:\/\/www.vectorhaus.com.pe\/index.php?rest_route=\/wp\/v2\/users\/1"}],"replies":[{"embeddable":true,"href":"https:\/\/www.vectorhaus.com.pe\/index.php?rest_route=%2Fwp%2Fv2%2Fcomments&post=35"}],"version-history":[{"count":4,"href":"https:\/\/www.vectorhaus.com.pe\/index.php?rest_route=\/wp\/v2\/pages\/35\/revisions"}],"predecessor-version":[{"id":469,"href":"https:\/\/www.vectorhaus.com.pe\/index.php?rest_route=\/wp\/v2\/pages\/35\/revisions\/469"}],"wp:attachment":[{"href":"https:\/\/www.vectorhaus.com.pe\/index.php?rest_route=%2Fwp%2Fv2%2Fmedia&parent=35"}],"curies":[{"name":"wp","href":"https:\/\/api.w.org\/{rel}","templated":true}]}}