{"id":182,"date":"2023-06-22T22:39:55","date_gmt":"2023-06-22T22:39:55","guid":{"rendered":"https:\/\/www.vectorhaus.com.pe\/?post_type=product&#038;p=182"},"modified":"2025-06-12T23:51:21","modified_gmt":"2025-06-12T23:51:21","slug":"tarda-en-llegar-y-al-final","status":"publish","type":"product","link":"https:\/\/www.vectorhaus.com.pe\/?product=tarda-en-llegar-y-al-final","title":{"rendered":"Tarda en llegar y al final"},"content":{"rendered":"<table width=\"320\">\n<tbody>\n<tr>\n<td><strong>Medida<\/strong><\/td>\n<td width=\"231\">95 x 142 cm<\/td>\n<\/tr>\n<tr>\n<td><strong>Cantidad<\/strong><\/td>\n<td width=\"231\">01 und.<\/td>\n<\/tr>\n<tr>\n<td><strong>Material<\/strong><\/td>\n<td width=\"231\">Vinil adhesivo<\/td>\n<\/tr>\n<tr>\n<td><strong>Impresi\u00f3n<\/strong><\/td>\n<td width=\"231\">Blanco, negro o color<\/td>\n<\/tr>\n<tr>\n<td><strong>Plastificado<\/strong><\/td>\n<td width=\"231\">&#8211;<\/td>\n<\/tr>\n<tr>\n<td><strong>Producci\u00f3n<\/strong><\/td>\n<td width=\"231\">02 horas<\/td>\n<\/tr>\n<\/tbody>\n<\/table>\n<p><img fetchpriority=\"high\" decoding=\"async\" class=\"alignnone  wp-image-181\" src=\"https:\/\/www.vectorhaus.com.pe\/wp-content\/uploads\/2023\/06\/Catalogo-ARCLAD-300x261.png\" alt=\"\" width=\"315\" height=\"274\" srcset=\"https:\/\/www.vectorhaus.com.pe\/wp-content\/uploads\/2023\/06\/Catalogo-ARCLAD-300x261.png 300w, https:\/\/www.vectorhaus.com.pe\/wp-content\/uploads\/2023\/06\/Catalogo-ARCLAD-1024x891.png 1024w, https:\/\/www.vectorhaus.com.pe\/wp-content\/uploads\/2023\/06\/Catalogo-ARCLAD-768x668.png 768w, https:\/\/www.vectorhaus.com.pe\/wp-content\/uploads\/2023\/06\/Catalogo-ARCLAD-600x522.png 600w, https:\/\/www.vectorhaus.com.pe\/wp-content\/uploads\/2023\/06\/Catalogo-ARCLAD-64x56.png 64w, https:\/\/www.vectorhaus.com.pe\/wp-content\/uploads\/2023\/06\/Catalogo-ARCLAD.png 1280w\" sizes=\"(max-width: 315px) 100vw, 315px\" \/><\/p>\n<p>Cat\u00e1logo de vinilos para corte en <em>plotter<\/em>.<\/p>\n","protected":false},"excerpt":{"rendered":"<p>Las medidas y colores del vinilo pueden variar al gusto del cliente.<\/p>\n<p>El <em>sticker<\/em> se adhiere sin problemas en paredes, maderas, vidrios y metal.<\/p>\n<p>Vinilo de f\u00e1cil remoci\u00f3n. No incluye instalaci\u00f3n.<\/p>\n","protected":false},"featured_media":498,"comment_status":"open","ping_status":"closed","template":"","meta":{"site-sidebar-layout":"default","site-content-layout":"default","ast-site-content-layout":"default","site-content-style":"default","site-sidebar-style":"default","ast-global-header-display":"","ast-banner-title-visibility":"","ast-main-header-display":"","ast-hfb-above-header-display":"","ast-hfb-below-header-display":"","ast-hfb-mobile-header-display":"","site-post-title":"","ast-breadcrumbs-content":"","ast-featured-img":"","footer-sml-layout":"","ast-disable-related-posts":"","theme-transparent-header-meta":"default","adv-header-id-meta":"","stick-header-meta":"","header-above-stick-meta":"","header-main-stick-meta":"","header-below-stick-meta":"","astra-migrate-meta-layouts":"default","ast-page-background-enabled":"default","ast-page-background-meta":{"desktop":{"background-color":"var(--ast-global-color-4)","background-image":"","background-repeat":"repeat","background-position":"center center","background-size":"auto","background-attachment":"scroll","background-type":"","background-media":"","overlay-type":"","overlay-color":"","overlay-opacity":"","overlay-gradient":""},"tablet":{"background-color":"","background-image":"","background-repeat":"repeat","background-position":"center center","background-size":"auto","background-attachment":"scroll","background-type":"","background-media":"","overlay-type":"","overlay-color":"","overlay-opacity":"","overlay-gradient":""},"mobile":{"background-color":"","background-image":"","background-repeat":"repeat","background-position":"center center","background-size":"auto","background-attachment":"scroll","background-type":"","background-media":"","overlay-type":"","overlay-color":"","overlay-opacity":"","overlay-gradient":""}},"ast-content-background-meta":{"desktop":{"background-color":"var(--ast-global-color-5)","background-image":"","background-repeat":"repeat","background-position":"center center","background-size":"auto","background-attachment":"scroll","background-type":"","background-media":"","overlay-type":"","overlay-color":"","overlay-opacity":"","overlay-gradient":""},"tablet":{"background-color":"var(--ast-global-color-5)","background-image":"","background-repeat":"repeat","background-position":"center center","background-size":"auto","background-attachment":"scroll","background-type":"","background-media":"","overlay-type":"","overlay-color":"","overlay-opacity":"","overlay-gradient":""},"mobile":{"background-color":"var(--ast-global-color-5)","background-image":"","background-repeat":"repeat","background-position":"center center","background-size":"auto","background-attachment":"scroll","background-type":"","background-media":"","overlay-type":"","overlay-color":"","overlay-opacity":"","overlay-gradient":""}}},"product_brand":[],"product_cat":[25],"product_tag":[30,27,29,28,31,32,26],"class_list":{"0":"post-182","1":"product","2":"type-product","3":"status-publish","4":"has-post-thumbnail","6":"product_cat-frases","7":"product_tag-decorativo","8":"product_tag-frases","9":"product_tag-impresion","10":"product_tag-ploteo","11":"product_tag-rotulado","12":"product_tag-stickers","13":"product_tag-vinilo","14":"desktop-align-left","15":"tablet-align-left","16":"mobile-align-left","18":"first","19":"onbackorder","20":"taxable","21":"shipping-taxable","22":"purchasable","23":"product-type-simple"},"_links":{"self":[{"href":"https:\/\/www.vectorhaus.com.pe\/index.php?rest_route=\/wp\/v2\/product\/182","targetHints":{"allow":["GET"]}}],"collection":[{"href":"https:\/\/www.vectorhaus.com.pe\/index.php?rest_route=\/wp\/v2\/product"}],"about":[{"href":"https:\/\/www.vectorhaus.com.pe\/index.php?rest_route=\/wp\/v2\/types\/product"}],"replies":[{"embeddable":true,"href":"https:\/\/www.vectorhaus.com.pe\/index.php?rest_route=%2Fwp%2Fv2%2Fcomments&post=182"}],"wp:featuredmedia":[{"embeddable":true,"href":"https:\/\/www.vectorhaus.com.pe\/index.php?rest_route=\/wp\/v2\/media\/498"}],"wp:attachment":[{"href":"https:\/\/www.vectorhaus.com.pe\/index.php?rest_route=%2Fwp%2Fv2%2Fmedia&parent=182"}],"wp:term":[{"taxonomy":"product_brand","embeddable":true,"href":"https:\/\/www.vectorhaus.com.pe\/index.php?rest_route=%2Fwp%2Fv2%2Fproduct_brand&post=182"},{"taxonomy":"product_cat","embeddable":true,"href":"https:\/\/www.vectorhaus.com.pe\/index.php?rest_route=%2Fwp%2Fv2%2Fproduct_cat&post=182"},{"taxonomy":"product_tag","embeddable":true,"href":"https:\/\/www.vectorhaus.com.pe\/index.php?rest_route=%2Fwp%2Fv2%2Fproduct_tag&post=182"}],"curies":[{"name":"wp","href":"https:\/\/api.w.org\/{rel}","templated":true}]}}