{"id":540,"date":"2025-06-18T20:23:14","date_gmt":"2025-06-18T20:23:14","guid":{"rendered":"https:\/\/www.vectorhaus.com.pe\/?post_type=product&#038;p=540"},"modified":"2025-06-18T20:23:15","modified_gmt":"2025-06-18T20:23:15","slug":"safari-h","status":"publish","type":"product","link":"https:\/\/www.vectorhaus.com.pe\/?product=safari-h","title":{"rendered":"Safari H"},"content":{"rendered":"<table width=\"320\">\n<tbody>\n<tr>\n<td><strong>Medida<\/strong><\/td>\n<td width=\"231\">230 x 140 cm<\/td>\n<\/tr>\n<tr>\n<td><strong>Cantidad<\/strong><\/td>\n<td width=\"231\">01 und.<\/td>\n<\/tr>\n<tr>\n<td><strong>Material<\/strong><\/td>\n<td width=\"231\">Vinil adhesivo<\/td>\n<\/tr>\n<tr>\n<td><strong>Impresi\u00f3n<\/strong><\/td>\n<td width=\"231\">Full Color \u2013 Alta resoluci\u00f3n<\/td>\n<\/tr>\n<tr>\n<td><strong>Plastificado<\/strong><\/td>\n<td width=\"231\">Mate o Brillo<\/td>\n<\/tr>\n<tr>\n<td><strong>Producci\u00f3n<\/strong><\/td>\n<td width=\"231\">24 horas<\/td>\n<\/tr>\n<\/tbody>\n<\/table>\n","protected":false},"excerpt":{"rendered":"<p>Las medidas y colores del vinilo pueden variar al gusto del cliente.<br \/>\nEl sticker se adhiere sin problemas en paredes, maderas, vidrios y metal.<br \/>\nVinilo de f\u00e1cil remoci\u00f3n. No incluye instalaci\u00f3n.<\/p>\n","protected":false},"featured_media":541,"comment_status":"open","ping_status":"closed","template":"","meta":{"site-sidebar-layout":"default","site-content-layout":"default","ast-site-content-layout":"default","site-content-style":"default","site-sidebar-style":"default","ast-global-header-display":"","ast-banner-title-visibility":"","ast-main-header-display":"","ast-hfb-above-header-display":"","ast-hfb-below-header-display":"","ast-hfb-mobile-header-display":"","site-post-title":"","ast-breadcrumbs-content":"","ast-featured-img":"","footer-sml-layout":"","ast-disable-related-posts":"","theme-transparent-header-meta":"default","adv-header-id-meta":"","stick-header-meta":"","header-above-stick-meta":"","header-main-stick-meta":"","header-below-stick-meta":"","astra-migrate-meta-layouts":"default","ast-page-background-enabled":"default","ast-page-background-meta":{"desktop":{"background-color":"var(--ast-global-color-4)","background-image":"","background-repeat":"repeat","background-position":"center center","background-size":"auto","background-attachment":"scroll","background-type":"","background-media":"","overlay-type":"","overlay-color":"","overlay-opacity":"","overlay-gradient":""},"tablet":{"background-color":"","background-image":"","background-repeat":"repeat","background-position":"center center","background-size":"auto","background-attachment":"scroll","background-type":"","background-media":"","overlay-type":"","overlay-color":"","overlay-opacity":"","overlay-gradient":""},"mobile":{"background-color":"","background-image":"","background-repeat":"repeat","background-position":"center center","background-size":"auto","background-attachment":"scroll","background-type":"","background-media":"","overlay-type":"","overlay-color":"","overlay-opacity":"","overlay-gradient":""}},"ast-content-background-meta":{"desktop":{"background-color":"var(--ast-global-color-5)","background-image":"","background-repeat":"repeat","background-position":"center center","background-size":"auto","background-attachment":"scroll","background-type":"","background-media":"","overlay-type":"","overlay-color":"","overlay-opacity":"","overlay-gradient":""},"tablet":{"background-color":"var(--ast-global-color-5)","background-image":"","background-repeat":"repeat","background-position":"center center","background-size":"auto","background-attachment":"scroll","background-type":"","background-media":"","overlay-type":"","overlay-color":"","overlay-opacity":"","overlay-gradient":""},"mobile":{"background-color":"var(--ast-global-color-5)","background-image":"","background-repeat":"repeat","background-position":"center center","background-size":"auto","background-attachment":"scroll","background-type":"","background-media":"","overlay-type":"","overlay-color":"","overlay-opacity":"","overlay-gradient":""}}},"product_brand":[],"product_cat":[19],"product_tag":[44,30,29,35,34,28,31,40,32,26],"class_list":{"0":"post-540","1":"product","2":"type-product","3":"status-publish","4":"has-post-thumbnail","6":"product_cat-safari-kids","7":"product_tag-arbol","8":"product_tag-decorativo","9":"product_tag-impresion","10":"product_tag-kids","11":"product_tag-ninos","12":"product_tag-ploteo","13":"product_tag-rotulado","14":"product_tag-safari","15":"product_tag-stickers","16":"product_tag-vinilo","17":"desktop-align-left","18":"tablet-align-left","19":"mobile-align-left","21":"first","22":"onbackorder","23":"taxable","24":"shipping-taxable","25":"purchasable","26":"product-type-simple"},"_links":{"self":[{"href":"https:\/\/www.vectorhaus.com.pe\/index.php?rest_route=\/wp\/v2\/product\/540","targetHints":{"allow":["GET"]}}],"collection":[{"href":"https:\/\/www.vectorhaus.com.pe\/index.php?rest_route=\/wp\/v2\/product"}],"about":[{"href":"https:\/\/www.vectorhaus.com.pe\/index.php?rest_route=\/wp\/v2\/types\/product"}],"replies":[{"embeddable":true,"href":"https:\/\/www.vectorhaus.com.pe\/index.php?rest_route=%2Fwp%2Fv2%2Fcomments&post=540"}],"wp:featuredmedia":[{"embeddable":true,"href":"https:\/\/www.vectorhaus.com.pe\/index.php?rest_route=\/wp\/v2\/media\/541"}],"wp:attachment":[{"href":"https:\/\/www.vectorhaus.com.pe\/index.php?rest_route=%2Fwp%2Fv2%2Fmedia&parent=540"}],"wp:term":[{"taxonomy":"product_brand","embeddable":true,"href":"https:\/\/www.vectorhaus.com.pe\/index.php?rest_route=%2Fwp%2Fv2%2Fproduct_brand&post=540"},{"taxonomy":"product_cat","embeddable":true,"href":"https:\/\/www.vectorhaus.com.pe\/index.php?rest_route=%2Fwp%2Fv2%2Fproduct_cat&post=540"},{"taxonomy":"product_tag","embeddable":true,"href":"https:\/\/www.vectorhaus.com.pe\/index.php?rest_route=%2Fwp%2Fv2%2Fproduct_tag&post=540"}],"curies":[{"name":"wp","href":"https:\/\/api.w.org\/{rel}","templated":true}]}}