{"id":544,"date":"2025-06-18T20:48:51","date_gmt":"2025-06-18T20:48:51","guid":{"rendered":"https:\/\/www.vectorhaus.com.pe\/?post_type=product&#038;p=544"},"modified":"2025-06-18T20:54:14","modified_gmt":"2025-06-18T20:54:14","slug":"arbol-b","status":"publish","type":"product","link":"https:\/\/www.vectorhaus.com.pe\/?product=arbol-b","title":{"rendered":"\u00c1rbol B"},"content":{"rendered":"<table width=\"320\">\n<tbody>\n<tr>\n<td><strong>Medida<\/strong><\/td>\n<td width=\"231\">\u00a0210 x 160 cm<\/td>\n<\/tr>\n<tr>\n<td><strong>Cantidad<\/strong><\/td>\n<td width=\"231\">01 und.<\/td>\n<\/tr>\n<tr>\n<td><strong>Material<\/strong><\/td>\n<td width=\"231\">Vinil adhesivo<\/td>\n<\/tr>\n<tr>\n<td><strong>Impresi\u00f3n<\/strong><\/td>\n<td width=\"231\">Blanco y <em>beige<\/em><\/td>\n<\/tr>\n<tr>\n<td><strong>Plastificado<\/strong><\/td>\n<td width=\"231\">\u2013<\/td>\n<\/tr>\n<tr>\n<td><strong>Producci\u00f3n<\/strong><\/td>\n<td width=\"231\">24 horas<\/td>\n<\/tr>\n<\/tbody>\n<\/table>\n<p><img fetchpriority=\"high\" decoding=\"async\" class=\"alignnone wp-image-181\" src=\"https:\/\/www.vectorhaus.com.pe\/wp-content\/uploads\/2023\/06\/Catalogo-ARCLAD-300x261.png\" alt=\"\" width=\"340\" height=\"296\" srcset=\"https:\/\/www.vectorhaus.com.pe\/wp-content\/uploads\/2023\/06\/Catalogo-ARCLAD-300x261.png 300w, https:\/\/www.vectorhaus.com.pe\/wp-content\/uploads\/2023\/06\/Catalogo-ARCLAD-1024x891.png 1024w, https:\/\/www.vectorhaus.com.pe\/wp-content\/uploads\/2023\/06\/Catalogo-ARCLAD-768x668.png 768w, https:\/\/www.vectorhaus.com.pe\/wp-content\/uploads\/2023\/06\/Catalogo-ARCLAD-600x522.png 600w, https:\/\/www.vectorhaus.com.pe\/wp-content\/uploads\/2023\/06\/Catalogo-ARCLAD-64x56.png 64w, https:\/\/www.vectorhaus.com.pe\/wp-content\/uploads\/2023\/06\/Catalogo-ARCLAD.png 1280w\" sizes=\"(max-width: 340px) 100vw, 340px\" \/><\/p>\n<p>Cat\u00e1logo de vinilos para corte en <em>plotter<\/em>.<\/p>\n","protected":false},"excerpt":{"rendered":"<p>Las medidas y colores del vinilo pueden variar al gusto del cliente.<br \/>\nEl sticker se adhiere sin problemas en paredes, maderas, vidrios y metal.<br \/>\nVinilo de f\u00e1cil remoci\u00f3n. No incluye instalaci\u00f3n.<\/p>\n","protected":false},"featured_media":548,"comment_status":"open","ping_status":"closed","template":"","meta":{"site-sidebar-layout":"default","site-content-layout":"default","ast-site-content-layout":"default","site-content-style":"default","site-sidebar-style":"default","ast-global-header-display":"","ast-banner-title-visibility":"","ast-main-header-display":"","ast-hfb-above-header-display":"","ast-hfb-below-header-display":"","ast-hfb-mobile-header-display":"","site-post-title":"","ast-breadcrumbs-content":"","ast-featured-img":"","footer-sml-layout":"","ast-disable-related-posts":"","theme-transparent-header-meta":"default","adv-header-id-meta":"","stick-header-meta":"","header-above-stick-meta":"","header-main-stick-meta":"","header-below-stick-meta":"","astra-migrate-meta-layouts":"default","ast-page-background-enabled":"default","ast-page-background-meta":{"desktop":{"background-color":"var(--ast-global-color-4)","background-image":"","background-repeat":"repeat","background-position":"center center","background-size":"auto","background-attachment":"scroll","background-type":"","background-media":"","overlay-type":"","overlay-color":"","overlay-opacity":"","overlay-gradient":""},"tablet":{"background-color":"","background-image":"","background-repeat":"repeat","background-position":"center center","background-size":"auto","background-attachment":"scroll","background-type":"","background-media":"","overlay-type":"","overlay-color":"","overlay-opacity":"","overlay-gradient":""},"mobile":{"background-color":"","background-image":"","background-repeat":"repeat","background-position":"center center","background-size":"auto","background-attachment":"scroll","background-type":"","background-media":"","overlay-type":"","overlay-color":"","overlay-opacity":"","overlay-gradient":""}},"ast-content-background-meta":{"desktop":{"background-color":"var(--ast-global-color-5)","background-image":"","background-repeat":"repeat","background-position":"center center","background-size":"auto","background-attachment":"scroll","background-type":"","background-media":"","overlay-type":"","overlay-color":"","overlay-opacity":"","overlay-gradient":""},"tablet":{"background-color":"var(--ast-global-color-5)","background-image":"","background-repeat":"repeat","background-position":"center center","background-size":"auto","background-attachment":"scroll","background-type":"","background-media":"","overlay-type":"","overlay-color":"","overlay-opacity":"","overlay-gradient":""},"mobile":{"background-color":"var(--ast-global-color-5)","background-image":"","background-repeat":"repeat","background-position":"center center","background-size":"auto","background-attachment":"scroll","background-type":"","background-media":"","overlay-type":"","overlay-color":"","overlay-opacity":"","overlay-gradient":""}}},"product_brand":[],"product_cat":[22],"product_tag":[44,54,30,29,35,41,34,55,28,31,40,32,26],"class_list":{"0":"post-544","1":"product","2":"type-product","3":"status-publish","4":"has-post-thumbnail","6":"product_cat-arboles","7":"product_tag-arbol","8":"product_tag-aves","9":"product_tag-decorativo","10":"product_tag-impresion","11":"product_tag-kids","12":"product_tag-koalas","13":"product_tag-ninos","14":"product_tag-pajaros","15":"product_tag-ploteo","16":"product_tag-rotulado","17":"product_tag-safari","18":"product_tag-stickers","19":"product_tag-vinilo","20":"desktop-align-left","21":"tablet-align-left","22":"mobile-align-left","24":"first","25":"onbackorder","26":"taxable","27":"shipping-taxable","28":"purchasable","29":"product-type-simple"},"_links":{"self":[{"href":"https:\/\/www.vectorhaus.com.pe\/index.php?rest_route=\/wp\/v2\/product\/544","targetHints":{"allow":["GET"]}}],"collection":[{"href":"https:\/\/www.vectorhaus.com.pe\/index.php?rest_route=\/wp\/v2\/product"}],"about":[{"href":"https:\/\/www.vectorhaus.com.pe\/index.php?rest_route=\/wp\/v2\/types\/product"}],"replies":[{"embeddable":true,"href":"https:\/\/www.vectorhaus.com.pe\/index.php?rest_route=%2Fwp%2Fv2%2Fcomments&post=544"}],"wp:featuredmedia":[{"embeddable":true,"href":"https:\/\/www.vectorhaus.com.pe\/index.php?rest_route=\/wp\/v2\/media\/548"}],"wp:attachment":[{"href":"https:\/\/www.vectorhaus.com.pe\/index.php?rest_route=%2Fwp%2Fv2%2Fmedia&parent=544"}],"wp:term":[{"taxonomy":"product_brand","embeddable":true,"href":"https:\/\/www.vectorhaus.com.pe\/index.php?rest_route=%2Fwp%2Fv2%2Fproduct_brand&post=544"},{"taxonomy":"product_cat","embeddable":true,"href":"https:\/\/www.vectorhaus.com.pe\/index.php?rest_route=%2Fwp%2Fv2%2Fproduct_cat&post=544"},{"taxonomy":"product_tag","embeddable":true,"href":"https:\/\/www.vectorhaus.com.pe\/index.php?rest_route=%2Fwp%2Fv2%2Fproduct_tag&post=544"}],"curies":[{"name":"wp","href":"https:\/\/api.w.org\/{rel}","templated":true}]}}