{"id":556,"date":"2025-06-19T01:39:56","date_gmt":"2025-06-19T01:39:56","guid":{"rendered":"https:\/\/www.vectorhaus.com.pe\/?post_type=product&#038;p=556"},"modified":"2025-06-19T01:39:56","modified_gmt":"2025-06-19T01:39:56","slug":"mario-bros-8-bits","status":"publish","type":"product","link":"https:\/\/www.vectorhaus.com.pe\/?product=mario-bros-8-bits","title":{"rendered":"Mario Bros 8 Bits"},"content":{"rendered":"<table width=\"320\">\n<tbody>\n<tr>\n<td><strong>Medida<\/strong><\/td>\n<td width=\"231\">145 x 135 cm<\/td>\n<\/tr>\n<tr>\n<td><strong>Cantidad<\/strong><\/td>\n<td width=\"231\">01 und.<\/td>\n<\/tr>\n<tr>\n<td><strong>Material<\/strong><\/td>\n<td width=\"231\">Vinil adhesivo<\/td>\n<\/tr>\n<tr>\n<td><strong>Impresi\u00f3n<\/strong><\/td>\n<td width=\"231\">Full Color \u2013 Alta resoluci\u00f3n<\/td>\n<\/tr>\n<tr>\n<td><strong>Plastificado<\/strong><\/td>\n<td width=\"231\">Mate o Brillo<\/td>\n<\/tr>\n<tr>\n<td><strong>Producci\u00f3n<\/strong><\/td>\n<td width=\"231\">24 horas<\/td>\n<\/tr>\n<\/tbody>\n<\/table>\n","protected":false},"excerpt":{"rendered":"<p>Las medidas y colores del vinilo pueden variar al gusto del cliente.<br \/>\nEl sticker se adhiere sin problemas en paredes, maderas, vidrios y metal.<br \/>\nVinilo de f\u00e1cil remoci\u00f3n. No incluye instalaci\u00f3n.<\/p>\n","protected":false},"featured_media":557,"comment_status":"open","ping_status":"closed","template":"","meta":{"site-sidebar-layout":"default","site-content-layout":"default","ast-site-content-layout":"default","site-content-style":"default","site-sidebar-style":"default","ast-global-header-display":"","ast-banner-title-visibility":"","ast-main-header-display":"","ast-hfb-above-header-display":"","ast-hfb-below-header-display":"","ast-hfb-mobile-header-display":"","site-post-title":"","ast-breadcrumbs-content":"","ast-featured-img":"","footer-sml-layout":"","ast-disable-related-posts":"","theme-transparent-header-meta":"default","adv-header-id-meta":"","stick-header-meta":"","header-above-stick-meta":"","header-main-stick-meta":"","header-below-stick-meta":"","astra-migrate-meta-layouts":"default","ast-page-background-enabled":"default","ast-page-background-meta":{"desktop":{"background-color":"var(--ast-global-color-4)","background-image":"","background-repeat":"repeat","background-position":"center center","background-size":"auto","background-attachment":"scroll","background-type":"","background-media":"","overlay-type":"","overlay-color":"","overlay-opacity":"","overlay-gradient":""},"tablet":{"background-color":"","background-image":"","background-repeat":"repeat","background-position":"center center","background-size":"auto","background-attachment":"scroll","background-type":"","background-media":"","overlay-type":"","overlay-color":"","overlay-opacity":"","overlay-gradient":""},"mobile":{"background-color":"","background-image":"","background-repeat":"repeat","background-position":"center center","background-size":"auto","background-attachment":"scroll","background-type":"","background-media":"","overlay-type":"","overlay-color":"","overlay-opacity":"","overlay-gradient":""}},"ast-content-background-meta":{"desktop":{"background-color":"var(--ast-global-color-5)","background-image":"","background-repeat":"repeat","background-position":"center center","background-size":"auto","background-attachment":"scroll","background-type":"","background-media":"","overlay-type":"","overlay-color":"","overlay-opacity":"","overlay-gradient":""},"tablet":{"background-color":"var(--ast-global-color-5)","background-image":"","background-repeat":"repeat","background-position":"center center","background-size":"auto","background-attachment":"scroll","background-type":"","background-media":"","overlay-type":"","overlay-color":"","overlay-opacity":"","overlay-gradient":""},"mobile":{"background-color":"var(--ast-global-color-5)","background-image":"","background-repeat":"repeat","background-position":"center center","background-size":"auto","background-attachment":"scroll","background-type":"","background-media":"","overlay-type":"","overlay-color":"","overlay-opacity":"","overlay-gradient":""}}},"product_brand":[],"product_cat":[24],"product_tag":[63,30,29,35,62,52,34,28,31,32,26],"class_list":{"0":"post-556","1":"product","2":"type-product","3":"status-publish","4":"has-post-thumbnail","6":"product_cat-mario-bros","7":"product_tag-8-bits","8":"product_tag-decorativo","9":"product_tag-impresion","10":"product_tag-kids","11":"product_tag-mario-bros","12":"product_tag-mate","13":"product_tag-ninos","14":"product_tag-ploteo","15":"product_tag-rotulado","16":"product_tag-stickers","17":"product_tag-vinilo","18":"desktop-align-left","19":"tablet-align-left","20":"mobile-align-left","22":"first","23":"onbackorder","24":"taxable","25":"shipping-taxable","26":"purchasable","27":"product-type-simple"},"_links":{"self":[{"href":"https:\/\/www.vectorhaus.com.pe\/index.php?rest_route=\/wp\/v2\/product\/556","targetHints":{"allow":["GET"]}}],"collection":[{"href":"https:\/\/www.vectorhaus.com.pe\/index.php?rest_route=\/wp\/v2\/product"}],"about":[{"href":"https:\/\/www.vectorhaus.com.pe\/index.php?rest_route=\/wp\/v2\/types\/product"}],"replies":[{"embeddable":true,"href":"https:\/\/www.vectorhaus.com.pe\/index.php?rest_route=%2Fwp%2Fv2%2Fcomments&post=556"}],"wp:featuredmedia":[{"embeddable":true,"href":"https:\/\/www.vectorhaus.com.pe\/index.php?rest_route=\/wp\/v2\/media\/557"}],"wp:attachment":[{"href":"https:\/\/www.vectorhaus.com.pe\/index.php?rest_route=%2Fwp%2Fv2%2Fmedia&parent=556"}],"wp:term":[{"taxonomy":"product_brand","embeddable":true,"href":"https:\/\/www.vectorhaus.com.pe\/index.php?rest_route=%2Fwp%2Fv2%2Fproduct_brand&post=556"},{"taxonomy":"product_cat","embeddable":true,"href":"https:\/\/www.vectorhaus.com.pe\/index.php?rest_route=%2Fwp%2Fv2%2Fproduct_cat&post=556"},{"taxonomy":"product_tag","embeddable":true,"href":"https:\/\/www.vectorhaus.com.pe\/index.php?rest_route=%2Fwp%2Fv2%2Fproduct_tag&post=556"}],"curies":[{"name":"wp","href":"https:\/\/api.w.org\/{rel}","templated":true}]}}